{"id":423,"date":"2019-12-21T17:22:03","date_gmt":"2019-12-21T17:22:03","guid":{"rendered":"http:\/\/lastminute971.com\/?page_id=423"},"modified":"2023-05-29T05:22:30","modified_gmt":"2023-05-29T05:22:30","slug":"excursions-terre","status":"publish","type":"page","link":"https:\/\/lastminute971.com\/fr_fr\/excursions-terre\/","title":{"rendered":"Excursions terre"},"content":{"rendered":"\t\t<div data-elementor-type=\"wp-page\" data-elementor-id=\"423\" class=\"elementor elementor-423\">\n\t\t\t\t\t\t<div class=\"elementor-inner\">\n\t\t\t\t<div class=\"elementor-section-wrap\">\n\t\t\t\t\t\t\t\t\t<section class=\"elementor-section elementor-top-section elementor-element elementor-element-4b9b9c1 elementor-section-boxed elementor-section-height-default elementor-section-height-default\" data-id=\"4b9b9c1\" data-element_type=\"section\" data-settings=\"{&quot;background_background&quot;:&quot;classic&quot;}\">\n\t\t\t\t\t\t<div class=\"elementor-container elementor-column-gap-default\">\n\t\t\t\t\t\t\t<div class=\"elementor-row\">\n\t\t\t\t\t<div class=\"elementor-column elementor-col-100 elementor-top-column elementor-element elementor-element-bb3b875\" data-id=\"bb3b875\" data-element_type=\"column\">\n\t\t\t<div class=\"elementor-column-wrap elementor-element-populated\">\n\t\t\t\t\t\t\t<div class=\"elementor-widget-wrap\">\n\t\t\t\t\t\t<div class=\"elementor-element elementor-element-ab3c6d4 elementor-widget elementor-widget-spacer\" data-id=\"ab3c6d4\" data-element_type=\"widget\" data-widget_type=\"spacer.default\">\n\t\t\t\t<div class=\"elementor-widget-container\">\n\t\t\t\t\t<div class=\"elementor-spacer\">\n\t\t\t<div class=\"elementor-spacer-inner\"><\/div>\n\t\t<\/div>\n\t\t\t\t<\/div>\n\t\t\t\t<\/div>\n\t\t\t\t<div class=\"elementor-element elementor-element-6e2f1ec elementor-widget elementor-widget-spacer\" data-id=\"6e2f1ec\" data-element_type=\"widget\" data-widget_type=\"spacer.default\">\n\t\t\t\t<div class=\"elementor-widget-container\">\n\t\t\t\t\t<div class=\"elementor-spacer\">\n\t\t\t<div class=\"elementor-spacer-inner\"><\/div>\n\t\t<\/div>\n\t\t\t\t<\/div>\n\t\t\t\t<\/div>\n\t\t\t\t<div class=\"elementor-element elementor-element-1ddff9c elementor-view-default elementor-position-top elementor-widget elementor-widget-themo-header\" data-id=\"1ddff9c\" data-element_type=\"widget\" data-widget_type=\"themo-header.default\">\n\t\t\t\t<div class=\"elementor-widget-container\">\n\t\t\t\t\t<div class=\"th-header-wrap\">\n        <div class=\"elementor-icon-box-wrapper \">\n                            <div class=\"elementor-icon-box-content\">\n                    <h2 class=\"elementor-icon-box-title\">\n                        Nos excursions terre \u00e0 Guadeloupe                    <\/h2>\n                                        <p class=\"elementor-icon-box-description\">Des plages inoubliables de petite terre \u00e0 la r\u00e9serve cousteau en passant par le pain de sucres des Saintes\u202f; nos excursions terre \u00e0 Guadeloupe nous offrent tant de richesses \u00e0 explorer.<\/p>\n\n                                    <\/div>\n            <\/div>\n\n        <\/div>\n\n\t\t\t\t<\/div>\n\t\t\t\t<\/div>\n\t\t\t\t<div class=\"elementor-element elementor-element-98b1379 elementor-widget elementor-widget-spacer\" data-id=\"98b1379\" data-element_type=\"widget\" data-widget_type=\"spacer.default\">\n\t\t\t\t<div class=\"elementor-widget-container\">\n\t\t\t\t\t<div class=\"elementor-spacer\">\n\t\t\t<div class=\"elementor-spacer-inner\"><\/div>\n\t\t<\/div>\n\t\t\t\t<\/div>\n\t\t\t\t<\/div>\n\t\t\t\t\t\t<\/div>\n\t\t\t\t\t<\/div>\n\t\t<\/div>\n\t\t\t\t\t\t\t\t<\/div>\n\t\t\t\t\t<\/div>\n\t\t<\/section>\n\t\t\t\t<section class=\"elementor-section elementor-top-section elementor-element elementor-element-3b41351 elementor-section-boxed elementor-section-height-default elementor-section-height-default\" data-id=\"3b41351\" data-element_type=\"section\">\n\t\t\t\t\t\t<div class=\"elementor-container elementor-column-gap-default\">\n\t\t\t\t\t\t\t<div class=\"elementor-row\">\n\t\t\t\t\t<div class=\"elementor-column elementor-col-100 elementor-top-column elementor-element elementor-element-e93efb1\" data-id=\"e93efb1\" data-element_type=\"column\">\n\t\t\t<div class=\"elementor-column-wrap elementor-element-populated\">\n\t\t\t\t\t\t\t<div class=\"elementor-widget-wrap\">\n\t\t\t\t\t\t<div class=\"elementor-element elementor-element-febba42 elementor-widget elementor-widget-spacer\" data-id=\"febba42\" data-element_type=\"widget\" data-widget_type=\"spacer.default\">\n\t\t\t\t<div class=\"elementor-widget-container\">\n\t\t\t\t\t<div class=\"elementor-spacer\">\n\t\t\t<div class=\"elementor-spacer-inner\"><\/div>\n\t\t<\/div>\n\t\t\t\t<\/div>\n\t\t\t\t<\/div>\n\t\t\t\t<div class=\"elementor-element elementor-element-dc23341 elementor-widget elementor-widget-themo-tour-grid\" data-id=\"dc23341\" data-element_type=\"widget\" data-widget_type=\"themo-tour-grid.default\">\n\t\t\t\t<div class=\"elementor-widget-container\">\n\t\t\t\n                <div id=\"th-portfolio-content-69e88d2688904\" class=\"th-portfolio\">\n\n            \n            <div id=\"th-portfolio-row\" class=\"th-portfolio-row row portfolio_content  three-columns th-port-gutter\">\n\n                                        <div id=\"post-436\" class=\"th-portfolio-item item col-md-4 col-sm-6 p-terre post-436 themo_tour type-themo_tour status-publish format-standard hentry themo_tour_type-terre\">\n                            <div class=\"th-port-wrap\">\n                                <img decoding=\"async\" class=\"img-responsive th-port-img\" src=\"https:\/\/lastminute971.com\/wp-content\/uploads\/2019\/12\/vignette01-394x394.jpg\" alt=\"Aventure canyoning \u00e0 Guadeloupe\">\n                                <div class=\"th-port-overlay\"><\/div>\n                                <div class=\"th-port-inner\">\n                                                                            <div class=\"th-port-top-text\">Demi-journ\u00e9e<\/div>\n                                                                        <div class=\"th-port-center\">\n                                        <h3 class=\"th-port-title\">Aventure canyoning \u00e0 Guadeloupe<\/h3>\n                                        <p class=\"th-port-sub\"> <\/p>                                                                                    <span class=\"th-port-btn\">D\u00e9couvrir<\/span>\n                                                                            <\/div>\n                                    <a href=\"https:\/\/lastminute971.com\/fr_fr\/tour\/canyoning-demi-journee\/\" class=\"th-port-link\" ><\/a>                                <\/div>\n                            <\/div>\n                        <\/div>\n                                                <div id=\"post-674\" class=\"th-portfolio-item item col-md-4 col-sm-6 p-terre post-674 themo_tour type-themo_tour status-publish format-standard hentry themo_tour_type-terre\">\n                            <div class=\"th-port-wrap\">\n                                <img decoding=\"async\" class=\"img-responsive th-port-img\" src=\"https:\/\/lastminute971.com\/wp-content\/uploads\/2019\/12\/vignette-7-394x394.jpg\" alt=\"Safari 4x4\">\n                                <div class=\"th-port-overlay\"><\/div>\n                                <div class=\"th-port-inner\">\n                                                                            <div class=\"th-port-top-text\">Journ\u00e9e tout compris<\/div>\n                                                                        <div class=\"th-port-center\">\n                                        <h3 class=\"th-port-title\">Safari 4&#215;4  en Guadeloupe<\/h3>\n                                        <p class=\"th-port-sub\"> <\/p>                                                                                    <span class=\"th-port-btn\">D\u00e9couvrir<\/span>\n                                                                            <\/div>\n                                    <a href=\"https:\/\/lastminute971.com\/fr_fr\/tour\/safari-4x4\/\" class=\"th-port-link\" ><\/a>                                <\/div>\n                            <\/div>\n                        <\/div>\n                                                <div id=\"post-802\" class=\"th-portfolio-item item col-md-4 col-sm-6 p-mer p-terre post-802 themo_tour type-themo_tour status-publish format-standard hentry themo_tour_type-mer themo_tour_type-terre\">\n                            <div class=\"th-port-wrap\">\n                                <img decoding=\"async\" class=\"img-responsive th-port-img\" src=\"https:\/\/lastminute971.com\/wp-content\/uploads\/2019\/12\/vignette-13-394x394.jpg\" alt=\"Excursion randonn\u00e9e buggy\">\n                                <div class=\"th-port-overlay\"><\/div>\n                                <div class=\"th-port-inner\">\n                                                                            <div class=\"th-port-top-text\">Demi journ\u00e9e<\/div>\n                                                                        <div class=\"th-port-center\">\n                                        <h3 class=\"th-port-title\">Randonn\u00e9e quad et buggy<\/h3>\n                                        <p class=\"th-port-sub\"> <\/p>                                                                                    <span class=\"th-port-btn\">D\u00e9couvrir<\/span>\n                                                                            <\/div>\n                                    <a href=\"https:\/\/lastminute971.com\/fr_fr\/tour\/randonnee-quad-buggy\/\" class=\"th-port-link\" ><\/a>                                <\/div>\n                            <\/div>\n                        <\/div>\n                                                <div id=\"post-861\" class=\"th-portfolio-item item col-md-4 col-sm-6 p-terre post-861 themo_tour type-themo_tour status-publish format-standard hentry themo_tour_type-terre\">\n                            <div class=\"th-port-wrap\">\n                                <img decoding=\"async\" class=\"img-responsive th-port-img\" src=\"https:\/\/lastminute971.com\/wp-content\/uploads\/2019\/12\/vignette-18-394x394.jpg\" alt=\"Glissade dans les toboggans naturels\">\n                                <div class=\"th-port-overlay\"><\/div>\n                                <div class=\"th-port-inner\">\n                                                                            <div class=\"th-port-top-text\">Demi journ\u00e9e<\/div>\n                                                                        <div class=\"th-port-center\">\n                                        <h3 class=\"th-port-title\">Aqua-rando en Guadeloupe<\/h3>\n                                        <p class=\"th-port-sub\"> <\/p>                                                                                    <span class=\"th-port-btn\">D\u00e9couvrir<\/span>\n                                                                            <\/div>\n                                    <a href=\"https:\/\/lastminute971.com\/fr_fr\/tour\/aqua-rando-en-guadeloupe\/\" class=\"th-port-link\" ><\/a>                                <\/div>\n                            <\/div>\n                        <\/div>\n                        \n            <\/div>\n\n        <\/div>\n\n        \t\t<\/div>\n\t\t\t\t<\/div>\n\t\t\t\t\t\t<\/div>\n\t\t\t\t\t<\/div>\n\t\t<\/div>\n\t\t\t\t\t\t\t\t<\/div>\n\t\t\t\t\t<\/div>\n\t\t<\/section>\n\t\t\t\t<section class=\"elementor-section elementor-top-section elementor-element elementor-element-ca87ccc elementor-section-boxed elementor-section-height-default elementor-section-height-default\" data-id=\"ca87ccc\" data-element_type=\"section\">\n\t\t\t\t\t\t<div class=\"elementor-container elementor-column-gap-default\">\n\t\t\t\t\t\t\t<div class=\"elementor-row\">\n\t\t\t\t\t<div class=\"elementor-column elementor-col-100 elementor-top-column elementor-element elementor-element-5a7fa5d\" data-id=\"5a7fa5d\" data-element_type=\"column\">\n\t\t\t<div class=\"elementor-column-wrap elementor-element-populated\">\n\t\t\t\t\t\t\t<div class=\"elementor-widget-wrap\">\n\t\t\t\t\t\t<div class=\"elementor-element elementor-element-dac6fe9 elementor-widget elementor-widget-spacer\" data-id=\"dac6fe9\" data-element_type=\"widget\" data-widget_type=\"spacer.default\">\n\t\t\t\t<div class=\"elementor-widget-container\">\n\t\t\t\t\t<div class=\"elementor-spacer\">\n\t\t\t<div class=\"elementor-spacer-inner\"><\/div>\n\t\t<\/div>\n\t\t\t\t<\/div>\n\t\t\t\t<\/div>\n\t\t\t\t\t\t<\/div>\n\t\t\t\t\t<\/div>\n\t\t<\/div>\n\t\t\t\t\t\t\t\t<\/div>\n\t\t\t\t\t<\/div>\n\t\t<\/section>\n\t\t\t\t<section class=\"elementor-section elementor-top-section elementor-element elementor-element-37244d5 elementor-section-boxed elementor-section-height-default elementor-section-height-default\" data-id=\"37244d5\" data-element_type=\"section\">\n\t\t\t\t\t\t<div class=\"elementor-container elementor-column-gap-default\">\n\t\t\t\t\t\t\t<div class=\"elementor-row\">\n\t\t\t\t\t<div class=\"elementor-column elementor-col-100 elementor-top-column elementor-element elementor-element-fb999ab\" data-id=\"fb999ab\" data-element_type=\"column\">\n\t\t\t<div class=\"elementor-column-wrap elementor-element-populated\">\n\t\t\t\t\t\t\t<div class=\"elementor-widget-wrap\">\n\t\t\t\t\t\t<div class=\"elementor-element elementor-element-0f0e7cc elementor-widget elementor-widget-heading\" data-id=\"0f0e7cc\" data-element_type=\"widget\" data-widget_type=\"heading.default\">\n\t\t\t\t<div class=\"elementor-widget-container\">\n\t\t\t<h2 class=\"elementor-heading-title elementor-size-default\">Nous mettons \u00e0 votre disposition une large gamme d'excursions terre \u00e0 Guadeloupe<\/h2>\t\t<\/div>\n\t\t\t\t<\/div>\n\t\t\t\t\t\t<\/div>\n\t\t\t\t\t<\/div>\n\t\t<\/div>\n\t\t\t\t\t\t\t\t<\/div>\n\t\t\t\t\t<\/div>\n\t\t<\/section>\n\t\t\t\t<section class=\"elementor-section elementor-top-section elementor-element elementor-element-22a87c0 elementor-section-boxed elementor-section-height-default elementor-section-height-default\" data-id=\"22a87c0\" data-element_type=\"section\">\n\t\t\t\t\t\t<div class=\"elementor-container elementor-column-gap-default\">\n\t\t\t\t\t\t\t<div class=\"elementor-row\">\n\t\t\t\t\t<div class=\"elementor-column elementor-col-100 elementor-top-column elementor-element elementor-element-e894d28\" data-id=\"e894d28\" data-element_type=\"column\">\n\t\t\t<div class=\"elementor-column-wrap elementor-element-populated\">\n\t\t\t\t\t\t\t<div class=\"elementor-widget-wrap\">\n\t\t\t\t\t\t<div class=\"elementor-element elementor-element-fcd694f elementor-widget elementor-widget-text-editor\" data-id=\"fcd694f\" data-element_type=\"widget\" data-widget_type=\"text-editor.default\">\n\t\t\t\t<div class=\"elementor-widget-container\">\n\t\t\t\t\t\t\t\t<div class=\"elementor-text-editor elementor-clearfix\">\n\t\t\t\tNotre agence de voyage propose une large gamme d&#8217;<strong>excursions terre \u00e0 Guadeloupe<\/strong> pour les voyageurs qui souhaitent explorer les sites les plus spectaculaires de l&#8217;\u00eele. De plus, des plages inoubliables de Petite Terre \u00e0 la R\u00e9serve Cousteau en passant par le Pain de Sucre des Saintes, la Guadeloupe est un v\u00e9ritable joyau pour les amoureux de la nature.\n\nPar ailleurs, si vous \u00eates \u00e0 la recherche d&#8217;adr\u00e9naline et d&#8217;\u00e9motions fortes, nous vous proposons une excursion de canyoning qui vous permettra de d\u00e9couvrir les ravins et les cascades de la Guadeloupe.<strong> Les guides exp\u00e9riment\u00e9s vous emm\u00e8neront \u00e0 travers les meilleurs spots de canyoning de l&#8217;\u00eele<\/strong>, vous permettant de d\u00e9couvrir les paysages les plus spectaculaires et les plus pr\u00e9serv\u00e9s.\n\nPour ceux qui souhaitent explorer l&#8217;\u00eele en profondeur, nous proposons \u00e9galement une excursion de safari en 4&#215;4. <strong>Les conducteurs exp\u00e9riment\u00e9s vous emm\u00e8neront dans les endroits les plus recul\u00e9s de l&#8217;\u00eele, o\u00f9 vous pourrez d\u00e9couvrir les paysages les plus \u00e9poustouflants et les plus insolites de la Guadeloupe<\/strong>.\nEnfin, si vous souhaitez explorer la c\u00f4te guadeloup\u00e9enne de mani\u00e8re plus relaxante, nous vous proposons une excursion d&#8217;aquarando. Vous pourrez ainsi d\u00e9couvrir les fonds marins de la Guadeloupe en toute s\u00e9curit\u00e9, tout en admirant les paysages magnifiques et la <a href=\"https:\/\/fr.vikidia.org\/wiki\/Faune_marine#:~:text=La%20faune%20marine%20d%C3%A9signe%20l,plantes%20et%20les%20animaux%20aquatiques.\"rel=\"nofollow\">faune marine<\/a> de l&#8217;\u00eele.\n\nChez lastminute971, nous sommes fiers de proposer des <strong>excursions terre \u00e0 Guadeloupe de qualit\u00e9 pour tous les go\u00fbts et tous les budgets.<\/strong> Que vous soyez \u00e0 la recherche d&#8217;aventure ou de d\u00e9tente, nous avons l&#8217;excursion parfaite pour vous.<a href=\"https:\/\/api.whatsapp.com\/send\/?phone=590690979798&amp;text&amp;type=phone_number&amp;app_absent=0\"><span style=\"text-decoration: underline;\"><strong> Contactez-nous d\u00e8s aujourd&#8217;hui<\/strong><\/span><\/a> pour r\u00e9server votre prochaine aventure en Guadeloupe !\t\t\t\t\t<\/div>\n\t\t\t\t\t\t<\/div>\n\t\t\t\t<\/div>\n\t\t\t\t\t\t<\/div>\n\t\t\t\t\t<\/div>\n\t\t<\/div>\n\t\t\t\t\t\t\t\t<\/div>\n\t\t\t\t\t<\/div>\n\t\t<\/section>\n\t\t\t\t<section class=\"elementor-section elementor-top-section elementor-element elementor-element-e5cc998 elementor-section-boxed elementor-section-height-default elementor-section-height-default\" data-id=\"e5cc998\" data-element_type=\"section\">\n\t\t\t\t\t\t<div class=\"elementor-container elementor-column-gap-default\">\n\t\t\t\t\t\t\t<div class=\"elementor-row\">\n\t\t\t\t\t<div class=\"elementor-column elementor-col-100 elementor-top-column elementor-element elementor-element-b863f2d\" data-id=\"b863f2d\" data-element_type=\"column\">\n\t\t\t<div class=\"elementor-column-wrap\">\n\t\t\t\t\t\t\t<div class=\"elementor-widget-wrap\">\n\t\t\t\t\t\t\t\t<\/div>\n\t\t\t\t\t<\/div>\n\t\t<\/div>\n\t\t\t\t\t\t\t\t<\/div>\n\t\t\t\t\t<\/div>\n\t\t<\/section>\n\t\t\t\t\t\t\t\t\t<\/div>\n\t\t\t<\/div>\n\t\t\t\t\t<\/div>\n\t\t","protected":false},"excerpt":{"rendered":"<p>Nos excursions terre \u00e0 Guadeloupe Des plages inoubliables de petite terre \u00e0 la r\u00e9serve cousteau en passant par le pain de sucres des Saintes\u202f; nos excursions terre \u00e0 Guadeloupe nous offrent tant de richesses \u00e0 explorer. Demi-journ\u00e9e Aventure canyoning \u00e0 &hellip; <a href=\"https:\/\/lastminute971.com\/fr_fr\/tour\/aqua-rando-en-guadeloupe\/\">Read More<\/a><\/p>\n","protected":false},"author":1,"featured_media":0,"parent":0,"menu_order":0,"comment_status":"closed","ping_status":"closed","template":"","meta":{"footnotes":""},"class_list":["post-423","page","type-page","status-publish","hentry"],"yoast_head":"<!-- This site is optimized with the Yoast SEO plugin v27.4 - https:\/\/yoast.com\/product\/yoast-seo-wordpress\/ -->\n<title>Excursions terre \u00e0 Guadeloupe | Passez de moments inoubliables<\/title>\n<meta name=\"description\" content=\"Offrez-vous une journ\u00e9e inoubliable et d\u00e9couvrez les tr\u00e9sors naturels gr\u00e2ce \u00e0 nos excursions terre \u00e0 Guadeloupe !\" \/>\n<meta name=\"robots\" content=\"index, follow, max-snippet:-1, max-image-preview:large, max-video-preview:-1\" \/>\n<link rel=\"canonical\" href=\"https:\/\/lastminute971.com\/fr_fr\/excursions-terre\/\" \/>\n<meta property=\"og:locale\" content=\"fr_FR\" \/>\n<meta property=\"og:type\" content=\"article\" \/>\n<meta property=\"og:title\" content=\"Excursions terre \u00e0 Guadeloupe | Passez de moments inoubliables\" \/>\n<meta property=\"og:description\" content=\"Offrez-vous une journ\u00e9e inoubliable et d\u00e9couvrez les tr\u00e9sors naturels gr\u00e2ce \u00e0 nos excursions terre \u00e0 Guadeloupe !\" \/>\n<meta property=\"og:url\" content=\"https:\/\/lastminute971.com\/fr_fr\/excursions-terre\/\" \/>\n<meta property=\"og:site_name\" content=\"Lastminute Excursion en Guadeloupe\" \/>\n<meta property=\"article:publisher\" content=\"https:\/\/www.facebook.com\/Lastminutexcursion\/\" \/>\n<meta property=\"article:modified_time\" content=\"2023-05-29T05:22:30+00:00\" \/>\n<meta property=\"og:image\" content=\"https:\/\/lastminute971.com\/wp-content\/uploads\/2019\/12\/vignette01-394x394.jpg\" \/>\n<meta name=\"twitter:card\" content=\"summary_large_image\" \/>\n<meta name=\"twitter:label1\" content=\"Dur\u00e9e de lecture estim\u00e9e\" \/>\n\t<meta name=\"twitter:data1\" content=\"3 minutes\" \/>\n<!-- \/ Yoast SEO plugin. -->","yoast_head_json":{"title":"Excursions terre \u00e0 Guadeloupe | Passez de moments inoubliables","description":"Offrez-vous une journ\u00e9e inoubliable et d\u00e9couvrez les tr\u00e9sors naturels gr\u00e2ce \u00e0 nos excursions terre \u00e0 Guadeloupe !","robots":{"index":"index","follow":"follow","max-snippet":"max-snippet:-1","max-image-preview":"max-image-preview:large","max-video-preview":"max-video-preview:-1"},"canonical":"https:\/\/lastminute971.com\/fr_fr\/excursions-terre\/","og_locale":"fr_FR","og_type":"article","og_title":"Excursions terre \u00e0 Guadeloupe | Passez de moments inoubliables","og_description":"Offrez-vous une journ\u00e9e inoubliable et d\u00e9couvrez les tr\u00e9sors naturels gr\u00e2ce \u00e0 nos excursions terre \u00e0 Guadeloupe !","og_url":"https:\/\/lastminute971.com\/fr_fr\/excursions-terre\/","og_site_name":"Lastminute Excursion en Guadeloupe","article_publisher":"https:\/\/www.facebook.com\/Lastminutexcursion\/","article_modified_time":"2023-05-29T05:22:30+00:00","og_image":[{"url":"https:\/\/lastminute971.com\/wp-content\/uploads\/2019\/12\/vignette01-394x394.jpg","type":"","width":"","height":""}],"twitter_card":"summary_large_image","twitter_misc":{"Dur\u00e9e de lecture estim\u00e9e":"3 minutes"},"schema":{"@context":"https:\/\/schema.org","@graph":[{"@type":"WebPage","@id":"https:\/\/lastminute971.com\/excursions-terre\/","url":"https:\/\/lastminute971.com\/excursions-terre\/","name":"Excursions terre \u00e0 Guadeloupe | Passez de moments inoubliables","isPartOf":{"@id":"https:\/\/lastminute971.com\/#website"},"primaryImageOfPage":{"@id":"https:\/\/lastminute971.com\/excursions-terre\/#primaryimage"},"image":{"@id":"https:\/\/lastminute971.com\/excursions-terre\/#primaryimage"},"thumbnailUrl":"https:\/\/lastminute971.com\/wp-content\/uploads\/2019\/12\/vignette01-394x394.jpg","datePublished":"2019-12-21T17:22:03+00:00","dateModified":"2023-05-29T05:22:30+00:00","description":"Offrez-vous une journ\u00e9e inoubliable et d\u00e9couvrez les tr\u00e9sors naturels gr\u00e2ce \u00e0 nos excursions terre \u00e0 Guadeloupe !","breadcrumb":{"@id":"https:\/\/lastminute971.com\/excursions-terre\/#breadcrumb"},"inLanguage":"fr-FR","potentialAction":[{"@type":"ReadAction","target":["https:\/\/lastminute971.com\/excursions-terre\/"]}]},{"@type":"ImageObject","inLanguage":"fr-FR","@id":"https:\/\/lastminute971.com\/excursions-terre\/#primaryimage","url":"https:\/\/lastminute971.com\/wp-content\/uploads\/2019\/12\/vignette01-394x394.jpg","contentUrl":"https:\/\/lastminute971.com\/wp-content\/uploads\/2019\/12\/vignette01-394x394.jpg"},{"@type":"BreadcrumbList","@id":"https:\/\/lastminute971.com\/excursions-terre\/#breadcrumb","itemListElement":[{"@type":"ListItem","position":1,"name":"Accueil","item":"https:\/\/lastminute971.com\/"},{"@type":"ListItem","position":2,"name":"Excursions terre"}]},{"@type":"WebSite","@id":"https:\/\/lastminute971.com\/#website","url":"https:\/\/lastminute971.com\/","name":"Lastminute Excursion en Guadeloupe","description":"Toutes vos excursions et activit\u00e9s en Guadeloupe aux prix prestataires!","publisher":{"@id":"https:\/\/lastminute971.com\/#organization"},"potentialAction":[{"@type":"SearchAction","target":{"@type":"EntryPoint","urlTemplate":"https:\/\/lastminute971.com\/?s={search_term_string}"},"query-input":{"@type":"PropertyValueSpecification","valueRequired":true,"valueName":"search_term_string"}}],"inLanguage":"fr-FR"},{"@type":"Organization","@id":"https:\/\/lastminute971.com\/#organization","name":"Lastminute Excursion Guadeloupe","url":"https:\/\/lastminute971.com\/","logo":{"@type":"ImageObject","inLanguage":"fr-FR","@id":"https:\/\/lastminute971.com\/#\/schema\/logo\/image\/","url":"https:\/\/lastminute971.com\/wp-content\/uploads\/2023\/02\/cropped-favicon-nico-excursions.png","contentUrl":"https:\/\/lastminute971.com\/wp-content\/uploads\/2023\/02\/cropped-favicon-nico-excursions.png","width":512,"height":512,"caption":"Lastminute Excursion Guadeloupe"},"image":{"@id":"https:\/\/lastminute971.com\/#\/schema\/logo\/image\/"},"sameAs":["https:\/\/www.facebook.com\/Lastminutexcursion\/","https:\/\/www.instagram.com\/lastminute971\/","https:\/\/goo.gl\/maps\/9CCffBK5FveRfmJb9"]}]}},"_links":{"self":[{"href":"https:\/\/lastminute971.com\/fr_fr\/wp-json\/wp\/v2\/pages\/423","targetHints":{"allow":["GET"]}}],"collection":[{"href":"https:\/\/lastminute971.com\/fr_fr\/wp-json\/wp\/v2\/pages"}],"about":[{"href":"https:\/\/lastminute971.com\/fr_fr\/wp-json\/wp\/v2\/types\/page"}],"author":[{"embeddable":true,"href":"https:\/\/lastminute971.com\/fr_fr\/wp-json\/wp\/v2\/users\/1"}],"replies":[{"embeddable":true,"href":"https:\/\/lastminute971.com\/fr_fr\/wp-json\/wp\/v2\/comments?post=423"}],"version-history":[{"count":25,"href":"https:\/\/lastminute971.com\/fr_fr\/wp-json\/wp\/v2\/pages\/423\/revisions"}],"predecessor-version":[{"id":3314,"href":"https:\/\/lastminute971.com\/fr_fr\/wp-json\/wp\/v2\/pages\/423\/revisions\/3314"}],"wp:attachment":[{"href":"https:\/\/lastminute971.com\/fr_fr\/wp-json\/wp\/v2\/media?parent=423"}],"curies":[{"name":"wp","href":"https:\/\/api.w.org\/{rel}","templated":true}]}}