{"id":2,"date":"2019-11-20T16:30:47","date_gmt":"2019-11-20T16:30:47","guid":{"rendered":"http:\/\/lastminute971.com\/?page_id=2"},"modified":"2023-06-02T16:23:47","modified_gmt":"2023-06-02T16:23:47","slug":"mentions-legales","status":"publish","type":"page","link":"http:\/\/lastminute971.com\/fr_fr\/mentions-legales\/","title":{"rendered":"Mentions l\u00e9gales"},"content":{"rendered":"\n<h2 class=\"wp-block-heading\">Pr\u00e9sentation du site<\/h2>\n\n\n\n<p>En vertu de l&#8217;article 6 de la loi n\u00b0 2004-575 du 21 juin 2004 pour la confiance dans l&#8217;\u00e9conomie num\u00e9rique, il est pr\u00e9cis\u00e9 aux utilisateurs du site&nbsp;<a href=\"http:\/\/http\/\/www.lastminute971.com\/\" rel=\"noreferrer noopener\" target=\"_blank\">http:\/\/www.lastminute971.com<\/a>&nbsp;l&#8217;identit\u00e9 des diff\u00e9rents intervenants dans le cadre de sa r\u00e9alisation et de son suivi :<\/p>\n\n\n\n<p>Le pr\u00e9sent site est \u00e9dit\u00e9 par : Nicolas Mass\u00e9, EI ayant pour num\u00e9ro de SIRET 75184388000022 et qui est domicili\u00e9e au 2 impasse bois patate poirier 97180 Sainte-Anne<br><br>Responsable de la publication : Nicolas Mass\u00e9, joignable par t\u00e9l\u00e9phone au 0690979798 et par email&nbsp;<a href=\"mailto:lastminutexcursion971@gmail.com\" rel=\"noreferrer noopener\" target=\"_blank\">lastminutexcursion971@gmail.com<\/a><br><br>Webmaster du site: Nicolas Mass\u00e9, joingnable par t\u00e9l\u00e9phone au 0690979798<br><br>H\u00e9bergeur du site: Ionos 1&amp;1, qui est domicil\u00e9 7 pl de la gare 57200 sarreguemines et joignable par t\u00e9l\u00e9phone au 0970808911<\/p>\n\n\n\n<h2 class=\"wp-block-heading\">Propri\u00e9t\u00e9 intellectuelle et contrefa\u00e7ons<\/h2>\n\n\n\n<p>L\u2019entreprise lastminute excursion guadeloupe est propri\u00e9taire des droits de propri\u00e9t\u00e9 intellectuelle ou d\u00e9tient les droits d\u2019usage sur tous les \u00e9l\u00e9ments accessibles sur le site, notamment : les textes, les images, les graphismes, le logo, les ic\u00f4nes,\u2026<\/p>\n\n\n\n<p>Toute reproduction, repr\u00e9sentation, modification, publication, adaptation de tout ou partie des \u00e9l\u00e9ments du site, quel que soit le moyen ou le proc\u00e9d\u00e9 utilis\u00e9, est interdite, sauf autorisation \u00e9crite pr\u00e9alable de l\u2019entreprise lastminute excursion guadeloupe.<\/p>\n\n\n\n<p>Toute exploitation non autoris\u00e9e du site ou d\u2019un quelconque \u00e9l\u00e9ment qu\u2019il contient sera consid\u00e9r\u00e9e comme constitutive d\u2019une contrefa\u00e7on et poursuivie conform\u00e9ment aux dispositions des articles L.335-2 et suivants du Code de Propri\u00e9t\u00e9 Intellectuelle.<\/p>\n\n\n\n<h2 class=\"wp-block-heading\">Cookies et traceurs<\/h2>\n\n\n\n<p>Le site internet&nbsp;<a href=\"http:\/\/http\/\/www.lastminute971.com\/\" rel=\"noreferrer noopener\" target=\"_blank\">http:\/\/www.lastminute971.com<\/a>&nbsp;poss\u00e8de un syst\u00e8me de mesure d\u2019audience, ainsi qu\u2019une fonction de partage sur les r\u00e9seaux sociaux.<\/p>\n\n\n\n<p>En application de la directive europ\u00e9enne dite \u00ab&nbsp;paquet t\u00e9l\u00e9com&nbsp;\u00bb, les internautes doivent \u00eatre inform\u00e9s et donner leur consentement&nbsp;pr\u00e9alablement \u00e0 l\u2019insertion de traceurs (plus couramment appel\u00e9s \u00ab&nbsp;cookies&nbsp;\u00bb). Les internautes doivent disposer d\u2019une possibilit\u00e9 de choisir de ne pas \u00eatre trac\u00e9s lorsqu\u2019ils visitent un site ou utilisent une application. Les \u00e9diteurs de sites internet ont donc l\u2019obligation de solliciter au pr\u00e9alable le consentement des utilisateurs.<\/p>\n\n\n\n<p>Le refus d\u2019installation d\u2019un cookie peut entra\u00eener l\u2019impossibilit\u00e9 d\u2019acc\u00e9der \u00e0 certains services. L\u2019internaute peut toutefois configurer son navigateur internet pour refuser l\u2019installation des cookies.<\/p>\n\n\n\n<h3 class=\"wp-block-heading\">Mesure d\u2019audience<\/h3>\n\n\n\n<p>Les cookies de mesure d\u2019audience sont de petits fichiers qui permettent de connaitre et d\u2019analyser les statistiques de trafic sur le site internet : les pages visit\u00e9es, le nombre de visites, le taux de rebond, la provenance des visites,\u2026 Les cookies de mesure d\u2019audience sont totalement anonymes.<\/p>\n\n\n\n<p>Sur ce site, c\u2019est la solution Google Analytics qui est utilis\u00e9e pour mesurer l\u2019audience.<\/p>\n\n\n\n<h3 class=\"wp-block-heading\">R\u00e9seaux sociaux<\/h3>\n\n\n\n<p>Les cookies li\u00e9s aux r\u00e9seaux sociaux sont associ\u00e9s aux boutons qui facilitent le partage des pages et articles sur les r\u00e9seaux sociaux.<\/p>\n\n\n\n<h2 class=\"wp-block-heading\">Formulaire de contact et commentaires<\/h2>\n\n\n\n<p>Vous pouvez \u00eatre amen\u00e9 \u00e0 nous indiquer votre adresse e-mail lorsque vous remplissez notre formulaire de contact ou d\u00e9posez un commentaire sur l\u2019un des articles du site site&nbsp;<a href=\"http:\/\/http\/\/www.lastminute971.com\/\" rel=\"noreferrer noopener\" target=\"_blank\">http:\/\/www.lastminute971.com<\/a>.<\/p>\n\n\n\n<p>En aucun cas, votre adresse e-mail ne sera c\u00e9d\u00e9e \u00e0 des tiers.<\/p>\n\n\n\n<h2 class=\"wp-block-heading\">Mod\u00e9ration des commentaires<\/h2>\n\n\n\n<p>Le choix de validation d\u2019un commentaire sur le site&nbsp;<a href=\"http:\/\/http\/\/www.lastminute971.com\/\" rel=\"noreferrer noopener\" target=\"_blank\">http:\/\/www.lastminute971.com<\/a>&nbsp;est laiss\u00e9 \u00e0 l\u2019enti\u00e8re appr\u00e9ciation du responsable de publication. Les commentaires peuvent \u00eatre supprim\u00e9s, modifi\u00e9s et corrig\u00e9s pour une meilleure compr\u00e9hension des visiteurs (notamment pour l\u2019orthographe).<\/p>\n\n\n\n<p>L\u2019internaute peut signer son commentaire de son nom ou pseudo ou nom de son entreprise. Il peut \u00e9galement renseign\u00e9 une URL dans le champ \u00ab&nbsp;site web&nbsp;\u00bb. Ce lien peut ne pas apparaitre si il a \u00e9t\u00e9 jug\u00e9 que le commentaire n\u2019apportait pas r\u00e9ellement de plus value \u00e0 l\u2019article. Ceci, m\u00eame si le commentaire est publi\u00e9.<\/p>\n\n\n\n<p>Voici des exemples de cas ou un commentaire peut-\u00eatre mod\u00e9r\u00e9 ou supprim\u00e9 :<\/p>\n\n\n\n<ul class=\"wp-block-list\">\n<li>Il a \u00e9t\u00e9 supprim\u00e9 par l\u2019anti-spam<\/li>\n\n\n\n<li>Il n\u2019apporte pas r\u00e9ellement de plus value et n\u2019est pas utile pour les internautes<\/li>\n\n\n\n<li>Il est truff\u00e9 de fautes d\u2019orthographe ou incompr\u00e9hensible<\/li>\n\n\n\n<li>Il semble \u00eatre d\u00e9pos\u00e9 uniquement dans un but auto-promotionnel<\/li>\n\n\n\n<li>Le mail indiqu\u00e9 est visiblement faux<\/li>\n\n\n\n<li>Il est jug\u00e9 diffamatoire pour un tiers<\/li>\n<\/ul>\n\n\n\n<h2 class=\"wp-block-heading\">Liens hypertextes<\/h2>\n\n\n\n<p>Ce site internet contient un certain nombre de liens hypertextes vers d\u2019autres sites. Cependant,&nbsp;<a href=\"http:\/\/http\/\/www.lastminute971.com\/\" rel=\"noreferrer noopener\" target=\"_blank\">http:\/\/www.lastminute971.com<\/a>&nbsp;n\u2019a pas la possibilit\u00e9 de suivre et v\u00e9rifier le contenu de ces sites, et n\u2019assumera en cons\u00e9quence aucune responsabilit\u00e9 de ce fait.<\/p>\n\n\n\n<p><\/p>\n","protected":false},"excerpt":{"rendered":"<p>Pr\u00e9sentation du site En vertu de l&#8217;article 6 de la loi n\u00b0 2004-575 du 21 juin 2004 pour la confiance dans l&#8217;\u00e9conomie num\u00e9rique, il est pr\u00e9cis\u00e9 aux utilisateurs du site&nbsp;http:\/\/www.lastminute971.com&nbsp;l&#8217;identit\u00e9 des diff\u00e9rents intervenants dans le cadre de sa r\u00e9alisation et &hellip; <a href=\"http:\/\/lastminute971.com\/fr_fr\/mentions-legales\/\">Read More<\/a><\/p>\n","protected":false},"author":1,"featured_media":0,"parent":0,"menu_order":0,"comment_status":"closed","ping_status":"open","template":"","meta":{"footnotes":""},"class_list":["post-2","page","type-page","status-publish","hentry"],"yoast_head":"<!-- This site is optimized with the Yoast SEO plugin v27.4 - https:\/\/yoast.com\/product\/yoast-seo-wordpress\/ -->\n<title>Mentions l\u00e9gales - Lastminute Excursion en Guadeloupe<\/title>\n<meta name=\"description\" content=\"D\u00e9couvrez les mentions l\u00e9gales de Last Minute 971, votre source d&#039;informations fiables pour des s\u00e9jours de derni\u00e8re minute en Guadeloupe\" \/>\n<meta name=\"robots\" content=\"index, follow, max-snippet:-1, max-image-preview:large, max-video-preview:-1\" \/>\n<link rel=\"canonical\" href=\"http:\/\/lastminute971.com\/fr_fr\/mentions-legales\/\" \/>\n<meta property=\"og:locale\" content=\"fr_FR\" \/>\n<meta property=\"og:type\" content=\"article\" \/>\n<meta property=\"og:title\" content=\"Mentions l\u00e9gales - Lastminute Excursion en Guadeloupe\" \/>\n<meta property=\"og:description\" content=\"D\u00e9couvrez les mentions l\u00e9gales de Last Minute 971, votre source d&#039;informations fiables pour des s\u00e9jours de derni\u00e8re minute en Guadeloupe\" \/>\n<meta property=\"og:url\" content=\"http:\/\/lastminute971.com\/fr_fr\/mentions-legales\/\" \/>\n<meta property=\"og:site_name\" content=\"Lastminute Excursion en Guadeloupe\" \/>\n<meta property=\"article:publisher\" content=\"https:\/\/www.facebook.com\/Lastminutexcursion\/\" \/>\n<meta property=\"article:modified_time\" content=\"2023-06-02T16:23:47+00:00\" \/>\n<meta property=\"og:image\" content=\"https:\/\/lastminute971.com\/wp-content\/uploads\/2019\/12\/Logo-lme-154x40@2x-1.png\" \/>\n\t<meta property=\"og:image:width\" content=\"308\" \/>\n\t<meta property=\"og:image:height\" content=\"80\" \/>\n\t<meta property=\"og:image:type\" content=\"image\/png\" \/>\n<meta name=\"twitter:card\" content=\"summary_large_image\" \/>\n<meta name=\"twitter:label1\" content=\"Dur\u00e9e de lecture estim\u00e9e\" \/>\n\t<meta name=\"twitter:data1\" content=\"4 minutes\" \/>\n<!-- \/ Yoast SEO plugin. -->","yoast_head_json":{"title":"Mentions l\u00e9gales - Lastminute Excursion en Guadeloupe","description":"D\u00e9couvrez les mentions l\u00e9gales de Last Minute 971, votre source d'informations fiables pour des s\u00e9jours de derni\u00e8re minute en Guadeloupe","robots":{"index":"index","follow":"follow","max-snippet":"max-snippet:-1","max-image-preview":"max-image-preview:large","max-video-preview":"max-video-preview:-1"},"canonical":"http:\/\/lastminute971.com\/fr_fr\/mentions-legales\/","og_locale":"fr_FR","og_type":"article","og_title":"Mentions l\u00e9gales - Lastminute Excursion en Guadeloupe","og_description":"D\u00e9couvrez les mentions l\u00e9gales de Last Minute 971, votre source d'informations fiables pour des s\u00e9jours de derni\u00e8re minute en Guadeloupe","og_url":"http:\/\/lastminute971.com\/fr_fr\/mentions-legales\/","og_site_name":"Lastminute Excursion en Guadeloupe","article_publisher":"https:\/\/www.facebook.com\/Lastminutexcursion\/","article_modified_time":"2023-06-02T16:23:47+00:00","og_image":[{"width":308,"height":80,"url":"https:\/\/lastminute971.com\/wp-content\/uploads\/2019\/12\/Logo-lme-154x40@2x-1.png","type":"image\/png"}],"twitter_card":"summary_large_image","twitter_misc":{"Dur\u00e9e de lecture estim\u00e9e":"4 minutes"},"schema":{"@context":"https:\/\/schema.org","@graph":[{"@type":"WebPage","@id":"https:\/\/lastminute971.com\/mentions-legales\/","url":"https:\/\/lastminute971.com\/mentions-legales\/","name":"Mentions l\u00e9gales - Lastminute Excursion en Guadeloupe","isPartOf":{"@id":"https:\/\/lastminute971.com\/#website"},"datePublished":"2019-11-20T16:30:47+00:00","dateModified":"2023-06-02T16:23:47+00:00","description":"D\u00e9couvrez les mentions l\u00e9gales de Last Minute 971, votre source d'informations fiables pour des s\u00e9jours de derni\u00e8re minute en Guadeloupe","breadcrumb":{"@id":"https:\/\/lastminute971.com\/mentions-legales\/#breadcrumb"},"inLanguage":"fr-FR","potentialAction":[{"@type":"ReadAction","target":["https:\/\/lastminute971.com\/mentions-legales\/"]}]},{"@type":"BreadcrumbList","@id":"https:\/\/lastminute971.com\/mentions-legales\/#breadcrumb","itemListElement":[{"@type":"ListItem","position":1,"name":"Accueil","item":"https:\/\/lastminute971.com\/"},{"@type":"ListItem","position":2,"name":"Mentions l\u00e9gales"}]},{"@type":"WebSite","@id":"https:\/\/lastminute971.com\/#website","url":"https:\/\/lastminute971.com\/","name":"Lastminute Excursion en Guadeloupe","description":"Toutes vos excursions et activit\u00e9s en Guadeloupe aux prix prestataires!","publisher":{"@id":"https:\/\/lastminute971.com\/#organization"},"potentialAction":[{"@type":"SearchAction","target":{"@type":"EntryPoint","urlTemplate":"https:\/\/lastminute971.com\/?s={search_term_string}"},"query-input":{"@type":"PropertyValueSpecification","valueRequired":true,"valueName":"search_term_string"}}],"inLanguage":"fr-FR"},{"@type":"Organization","@id":"https:\/\/lastminute971.com\/#organization","name":"Lastminute Excursion Guadeloupe","url":"https:\/\/lastminute971.com\/","logo":{"@type":"ImageObject","inLanguage":"fr-FR","@id":"https:\/\/lastminute971.com\/#\/schema\/logo\/image\/","url":"https:\/\/lastminute971.com\/wp-content\/uploads\/2023\/02\/cropped-favicon-nico-excursions.png","contentUrl":"https:\/\/lastminute971.com\/wp-content\/uploads\/2023\/02\/cropped-favicon-nico-excursions.png","width":512,"height":512,"caption":"Lastminute Excursion Guadeloupe"},"image":{"@id":"https:\/\/lastminute971.com\/#\/schema\/logo\/image\/"},"sameAs":["https:\/\/www.facebook.com\/Lastminutexcursion\/","https:\/\/www.instagram.com\/lastminute971\/","https:\/\/goo.gl\/maps\/9CCffBK5FveRfmJb9"]}]}},"_links":{"self":[{"href":"http:\/\/lastminute971.com\/fr_fr\/wp-json\/wp\/v2\/pages\/2","targetHints":{"allow":["GET"]}}],"collection":[{"href":"http:\/\/lastminute971.com\/fr_fr\/wp-json\/wp\/v2\/pages"}],"about":[{"href":"http:\/\/lastminute971.com\/fr_fr\/wp-json\/wp\/v2\/types\/page"}],"author":[{"embeddable":true,"href":"http:\/\/lastminute971.com\/fr_fr\/wp-json\/wp\/v2\/users\/1"}],"replies":[{"embeddable":true,"href":"http:\/\/lastminute971.com\/fr_fr\/wp-json\/wp\/v2\/comments?post=2"}],"version-history":[{"count":1,"href":"http:\/\/lastminute971.com\/fr_fr\/wp-json\/wp\/v2\/pages\/2\/revisions"}],"predecessor-version":[{"id":3247,"href":"http:\/\/lastminute971.com\/fr_fr\/wp-json\/wp\/v2\/pages\/2\/revisions\/3247"}],"wp:attachment":[{"href":"http:\/\/lastminute971.com\/fr_fr\/wp-json\/wp\/v2\/media?parent=2"}],"curies":[{"name":"wp","href":"https:\/\/api.w.org\/{rel}","templated":true}]}}