{"id":525,"date":"2019-12-22T13:45:02","date_gmt":"2019-12-22T13:45:02","guid":{"rendered":"http:\/\/lastminute971.com\/?page_id=525"},"modified":"2023-05-29T08:13:03","modified_gmt":"2023-05-29T08:13:03","slug":"excursions-air","status":"publish","type":"page","link":"http:\/\/lastminute971.com\/en\/excursions-air\/","title":{"rendered":"Excursions air"},"content":{"rendered":"<div data-elementor-type=\"wp-page\" data-elementor-id=\"525\" class=\"elementor elementor-525\">\n\t\t\t\t\t\t<div class=\"elementor-inner\">\n\t\t\t\t<div class=\"elementor-section-wrap\">\n\t\t\t\t\t\t\t\t\t<section class=\"elementor-section elementor-top-section elementor-element elementor-element-4b9b9c1 elementor-section-boxed elementor-section-height-default elementor-section-height-default\" data-id=\"4b9b9c1\" data-element_type=\"section\" data-settings=\"{&quot;background_background&quot;:&quot;classic&quot;}\">\n\t\t\t\t\t\t<div class=\"elementor-container elementor-column-gap-default\">\n\t\t\t\t\t\t\t<div class=\"elementor-row\">\n\t\t\t\t\t<div class=\"elementor-column elementor-col-100 elementor-top-column elementor-element elementor-element-bb3b875\" data-id=\"bb3b875\" data-element_type=\"column\">\n\t\t\t<div class=\"elementor-column-wrap elementor-element-populated\">\n\t\t\t\t\t\t\t<div class=\"elementor-widget-wrap\">\n\t\t\t\t\t\t<div class=\"elementor-element elementor-element-ab3c6d4 elementor-widget elementor-widget-spacer\" data-id=\"ab3c6d4\" data-element_type=\"widget\" data-widget_type=\"spacer.default\">\n\t\t\t\t<div class=\"elementor-widget-container\">\n\t\t\t\t\t<div class=\"elementor-spacer\">\n\t\t\t<div class=\"elementor-spacer-inner\"><\/div>\n\t\t<\/div>\n\t\t\t\t<\/div>\n\t\t\t\t<\/div>\n\t\t\t\t<div class=\"elementor-element elementor-element-6e2f1ec elementor-widget elementor-widget-spacer\" data-id=\"6e2f1ec\" data-element_type=\"widget\" data-widget_type=\"spacer.default\">\n\t\t\t\t<div class=\"elementor-widget-container\">\n\t\t\t\t\t<div class=\"elementor-spacer\">\n\t\t\t<div class=\"elementor-spacer-inner\"><\/div>\n\t\t<\/div>\n\t\t\t\t<\/div>\n\t\t\t\t<\/div>\n\t\t\t\t<div class=\"elementor-element elementor-element-1ddff9c elementor-view-default elementor-position-top elementor-widget elementor-widget-themo-header\" data-id=\"1ddff9c\" data-element_type=\"widget\" data-widget_type=\"themo-header.default\">\n\t\t\t\t<div class=\"elementor-widget-container\">\n\t\t\t\t\t<div class=\"th-header-wrap\">\n        <div class=\"elementor-icon-box-wrapper\">\n                            <div class=\"elementor-icon-box-content\">\n                    <h2 class=\"elementor-icon-box-title\">\n                        Nos excursions air \u00e0 Guadeloupe                    <\/h2>\n                                        <p class=\"elementor-icon-box-description\">Des plages inoubliables de petite terre \u00e0 la r\u00e9serve cousteau en passant par le pain de sucres des Saintes, les excursions air \u00e0 Guadeloupe nous offrent tant de richesses \u00e0 explorer.<\/p>\n\n                                    <\/div>\n            <\/div>\n\n        <\/div>\n\n\t\t\t\t<\/div>\n\t\t\t\t<\/div>\n\t\t\t\t<div class=\"elementor-element elementor-element-98b1379 elementor-widget elementor-widget-spacer\" data-id=\"98b1379\" data-element_type=\"widget\" data-widget_type=\"spacer.default\">\n\t\t\t\t<div class=\"elementor-widget-container\">\n\t\t\t\t\t<div class=\"elementor-spacer\">\n\t\t\t<div class=\"elementor-spacer-inner\"><\/div>\n\t\t<\/div>\n\t\t\t\t<\/div>\n\t\t\t\t<\/div>\n\t\t\t\t\t\t<\/div>\n\t\t\t\t\t<\/div>\n\t\t<\/div>\n\t\t\t\t\t\t\t\t<\/div>\n\t\t\t\t\t<\/div>\n\t\t<\/section>\n\t\t\t\t<section class=\"elementor-section elementor-top-section elementor-element elementor-element-3b41351 elementor-section-boxed elementor-section-height-default elementor-section-height-default\" data-id=\"3b41351\" data-element_type=\"section\">\n\t\t\t\t\t\t<div class=\"elementor-container elementor-column-gap-default\">\n\t\t\t\t\t\t\t<div class=\"elementor-row\">\n\t\t\t\t\t<div class=\"elementor-column elementor-col-100 elementor-top-column elementor-element elementor-element-e93efb1\" data-id=\"e93efb1\" data-element_type=\"column\">\n\t\t\t<div class=\"elementor-column-wrap elementor-element-populated\">\n\t\t\t\t\t\t\t<div class=\"elementor-widget-wrap\">\n\t\t\t\t\t\t<div class=\"elementor-element elementor-element-febba42 elementor-widget elementor-widget-spacer\" data-id=\"febba42\" data-element_type=\"widget\" data-widget_type=\"spacer.default\">\n\t\t\t\t<div class=\"elementor-widget-container\">\n\t\t\t\t\t<div class=\"elementor-spacer\">\n\t\t\t<div class=\"elementor-spacer-inner\"><\/div>\n\t\t<\/div>\n\t\t\t\t<\/div>\n\t\t\t\t<\/div>\n\t\t\t\t<div class=\"elementor-element elementor-element-dc23341 elementor-widget elementor-widget-themo-tour-grid\" data-id=\"dc23341\" data-element_type=\"widget\" data-widget_type=\"themo-tour-grid.default\">\n\t\t\t\t<div class=\"elementor-widget-container\">\n\t\t\t\n                <div id=\"th-portfolio-content-69e651e7f0b10\" class=\"th-portfolio\">\n\n            \n            <div id=\"th-portfolio-row\" class=\"th-portfolio-row row portfolio_content  three-columns th-port-gutter\">\n\n                                        <div id=\"post-517\" class=\"th-portfolio-item item col-md-4 col-sm-6 p-air post-517 themo_tour type-themo_tour status-publish format-standard hentry themo_tour_type-air\">\n                            <div class=\"th-port-wrap\">\n                                <img decoding=\"async\" class=\"img-responsive th-port-img\" src=\"https:\/\/lastminute971.com\/wp-content\/uploads\/2019\/12\/vignette-394x394.jpg\" alt=\"ULM \/ Autogire\">\n                                <div class=\"th-port-overlay\"><\/div>\n                                <div class=\"th-port-inner\">\n                                                                        <div class=\"th-port-center\">\n                                        <h3 class=\"th-port-title\">ULM \/ Autogire<\/h3>\n                                        <p class=\"th-port-sub\"> <\/p>                                                                                    <span class=\"th-port-btn\">D\u00e9couvrir<\/span>\n                                                                            <\/div>\n                                    <a href=\"http:\/\/lastminute971.com\/en\/tour\/ulm-autogire\/\" class=\"th-port-link\" ><\/a>                                <\/div>\n                            <\/div>\n                        <\/div>\n                                                <div id=\"post-543\" class=\"th-portfolio-item item col-md-4 col-sm-6 p-air post-543 themo_tour type-themo_tour status-publish format-standard hentry themo_tour_type-air\">\n                            <div class=\"th-port-wrap\">\n                                <img decoding=\"async\" class=\"img-responsive th-port-img\" src=\"https:\/\/lastminute971.com\/wp-content\/uploads\/2019\/12\/vignette2-394x394.jpg\" alt=\"Aile Delta en guadeloupe\">\n                                <div class=\"th-port-overlay\"><\/div>\n                                <div class=\"th-port-inner\">\n                                                                        <div class=\"th-port-center\">\n                                        <h3 class=\"th-port-title\">Aile Delta<\/h3>\n                                        <p class=\"th-port-sub\"> <\/p>                                                                                    <span class=\"th-port-btn\">D\u00e9couvrir<\/span>\n                                                                            <\/div>\n                                    <a href=\"http:\/\/lastminute971.com\/en\/tour\/aile-delta\/\" class=\"th-port-link\" ><\/a>                                <\/div>\n                            <\/div>\n                        <\/div>\n                                                <div id=\"post-888\" class=\"th-portfolio-item item col-md-4 col-sm-6 p-air post-888 themo_tour type-themo_tour status-publish format-standard hentry themo_tour_type-air\">\n                            <div class=\"th-port-wrap\">\n                                <img decoding=\"async\" class=\"img-responsive th-port-img\" src=\"https:\/\/lastminute971.com\/wp-content\/uploads\/2019\/12\/photo3-6-605x532.jpg\" alt=\"Saut en parachute\">\n                                <div class=\"th-port-overlay\"><\/div>\n                                <div class=\"th-port-inner\">\n                                                                            <div class=\"th-port-top-text\">Journ\u00e9e \/ En Speedboat<\/div>\n                                                                        <div class=\"th-port-center\">\n                                        <h3 class=\"th-port-title\">Saut en parachute en Guadeloupe<\/h3>\n                                        <p class=\"th-port-sub\"> <\/p>                                                                                    <span class=\"th-port-btn\">D\u00e9couvrir<\/span>\n                                                                            <\/div>\n                                    <a href=\"http:\/\/lastminute971.com\/en\/tour\/parachute\/\" class=\"th-port-link\" ><\/a>                                <\/div>\n                            <\/div>\n                        <\/div>\n                        \n            <\/div>\n\n        <\/div>\n\n        \t\t<\/div>\n\t\t\t\t<\/div>\n\t\t\t\t\t\t<\/div>\n\t\t\t\t\t<\/div>\n\t\t<\/div>\n\t\t\t\t\t\t\t\t<\/div>\n\t\t\t\t\t<\/div>\n\t\t<\/section>\n\t\t\t\t<section class=\"elementor-section elementor-top-section elementor-element elementor-element-ca87ccc elementor-section-boxed elementor-section-height-default elementor-section-height-default\" data-id=\"ca87ccc\" data-element_type=\"section\">\n\t\t\t\t\t\t<div class=\"elementor-container elementor-column-gap-default\">\n\t\t\t\t\t\t\t<div class=\"elementor-row\">\n\t\t\t\t\t<div class=\"elementor-column elementor-col-100 elementor-top-column elementor-element elementor-element-5a7fa5d\" data-id=\"5a7fa5d\" data-element_type=\"column\">\n\t\t\t<div class=\"elementor-column-wrap elementor-element-populated\">\n\t\t\t\t\t\t\t<div class=\"elementor-widget-wrap\">\n\t\t\t\t\t\t<div class=\"elementor-element elementor-element-dac6fe9 elementor-widget elementor-widget-spacer\" data-id=\"dac6fe9\" data-element_type=\"widget\" data-widget_type=\"spacer.default\">\n\t\t\t\t<div class=\"elementor-widget-container\">\n\t\t\t\t\t<div class=\"elementor-spacer\">\n\t\t\t<div class=\"elementor-spacer-inner\"><\/div>\n\t\t<\/div>\n\t\t\t\t<\/div>\n\t\t\t\t<\/div>\n\t\t\t\t<div class=\"elementor-element elementor-element-3f9901d elementor-widget elementor-widget-heading\" data-id=\"3f9901d\" data-element_type=\"widget\" data-widget_type=\"heading.default\">\n\t\t\t\t<div class=\"elementor-widget-container\">\n\t\t\t<h2 class=\"elementor-heading-title elementor-size-default\"> Excursions air \u00e0 Guadeloupe : votre billet pour une aventure inoubliable<\/h2>\t\t<\/div>\n\t\t\t\t<\/div>\n\t\t\t\t\t\t<\/div>\n\t\t\t\t\t<\/div>\n\t\t<\/div>\n\t\t\t\t\t\t\t\t<\/div>\n\t\t\t\t\t<\/div>\n\t\t<\/section>\n\t\t\t\t<section class=\"elementor-section elementor-top-section elementor-element elementor-element-ad505a3 elementor-section-boxed elementor-section-height-default elementor-section-height-default\" data-id=\"ad505a3\" data-element_type=\"section\">\n\t\t\t\t\t\t<div class=\"elementor-container elementor-column-gap-default\">\n\t\t\t\t\t\t\t<div class=\"elementor-row\">\n\t\t\t\t\t<div class=\"elementor-column elementor-col-100 elementor-top-column elementor-element elementor-element-68c0870\" data-id=\"68c0870\" data-element_type=\"column\">\n\t\t\t<div class=\"elementor-column-wrap elementor-element-populated\">\n\t\t\t\t\t\t\t<div class=\"elementor-widget-wrap\">\n\t\t\t\t\t\t<div class=\"elementor-element elementor-element-b2b6ea9 elementor-widget elementor-widget-text-editor\" data-id=\"b2b6ea9\" data-element_type=\"widget\" data-widget_type=\"text-editor.default\">\n\t\t\t\t<div class=\"elementor-widget-container\">\n\t\t\t\t\t\t\t\t<div class=\"elementor-text-editor elementor-clearfix\">\n\t\t\t\tNos excursions air est votre billet pour l&rsquo;aventure en Guadeloupe. Avec des destinations telles que les plages de Petite Terre, la R\u00e9serve Cousteau et le Pain de Sucre des Saintes, nous avons tout pour satisfaire votre soif de d\u00e9couverte.\n\nQue vous soyez \u00e0 la recherche de vues \u00e0 couper le souffle, d&rsquo;activit\u00e9s aquatiques ou d&rsquo;excursions culturelles, nous avons le voyage parfait pour vous. Nos excursions air \u00e0 Guadeloupe offrent une vari\u00e9t\u00e9 de services pour r\u00e9pondre \u00e0 vos besoins.\n\nSi vous cherchez quelque chose de diff\u00e9rent,<strong> essayez notre ULM \/ <a href=\"https:\/\/fly-sorgue-ventoux.com\/presentation-ulm-autogire\/\"rel=\"nofollow\">Autogire<\/a> pour une exp\u00e9rience de vol unique.<\/strong> Avec une vue panoramique imprenable sur la Guadeloupe, c&rsquo;est une exp\u00e9rience que vous n&rsquo;oublierez jamais. Si vous cherchez \u00e0 sentir l&rsquo;<a href=\"https:\/\/www.linternaute.fr\/dictionnaire\/fr\/definition\/adrenaline\/\" target=\"_blank\" rel=\"noopener\">adr\u00e9naline<\/a> monter, notre service de saut en parachute est la solution parfaite. Vous pouvez \u00e9galement opter pour notre aile delta, pour une exp\u00e9rience de vol incroyable qui vous donnera une sensation de libert\u00e9.\n\nNotre \u00e9quipe d&rsquo;experts locaux vous accompagne tout au long de votre aventure pour vous faire d\u00e9couvrir les joyaux cach\u00e9s de la Guadeloupe. De plus, notre personnel amical et professionnel vous fera vivre une exp\u00e9rience inoubliable. Nous sommes fiers de <strong>fournir un service de haute qualit\u00e9 \u00e0 nos clients<\/strong> et nous nous engageons \u00e0 faire de chaque excursion un moment m\u00e9morable.\n\nAlors pourquoi attendre ? <span style=\"text-decoration: underline;\"><strong><a href=\"https:\/\/api.whatsapp.com\/send\/?phone=590690979798&amp;text&amp;type=phone_number&amp;app_absent=0\">Rejoignez-nous<\/a><\/strong><\/span> pour une aventure inoubliable dans les airs et d\u00e9couvrez les tr\u00e9sors cach\u00e9s de la Guadeloupe. Nos excursions a\u00e9riennes sont la solution id\u00e9ale pour les amateurs d&rsquo;aventure et les passionn\u00e9s de la nature. <span style=\"text-decoration: underline;\"><a href=\"https:\/\/api.whatsapp.com\/send\/?phone=590690979798&amp;text&amp;type=phone_number&amp;app_absent=0\"><strong>R\u00e9servez d\u00e8s maintenant<\/strong><\/a><\/span> votre excursion a\u00e9rienne pour une exp\u00e9rience inoubliable en Guadeloupe.\u00a0\u00bb\t\t\t\t\t<\/div>\n\t\t\t\t\t\t<\/div>\n\t\t\t\t<\/div>\n\t\t\t\t\t\t<\/div>\n\t\t\t\t\t<\/div>\n\t\t<\/div>\n\t\t\t\t\t\t\t\t<\/div>\n\t\t\t\t\t<\/div>\n\t\t<\/section>\n\t\t\t\t\t\t\t\t\t<\/div>\n\t\t\t<\/div>\n\t\t\t\t\t<\/div>","protected":false},"excerpt":{"rendered":"<p>Nos excursions air \u00e0 Guadeloupe Des plages inoubliables de petite terre \u00e0 la r\u00e9serve cousteau en passant par le pain de sucres des Saintes, les excursions air \u00e0 Guadeloupe nous offrent tant de richesses \u00e0 explorer. ULM \/ Autogire D\u00e9couvrir &hellip; <a href=\"http:\/\/lastminute971.com\/en\/tour\/parachute\/\">Read More<\/a><\/p>","protected":false},"author":1,"featured_media":0,"parent":0,"menu_order":0,"comment_status":"closed","ping_status":"closed","template":"","meta":{"footnotes":""},"class_list":["post-525","page","type-page","status-publish","hentry"],"yoast_head":"<!-- This site is optimized with the Yoast SEO plugin v27.4 - https:\/\/yoast.com\/product\/yoast-seo-wordpress\/ -->\n<title>Excursions air \u00e0 Guadeloupe \u00e0 partir de 60\u20ac | Lastminute<\/title>\n<meta name=\"description\" content=\"Offrez-vous une exp\u00e9rience inoubliable en survolant la Guadeloupe avec nos excursions air \u00e0 Guadeloupe seulement \u00e0 partir de 60\u20ac !\" \/>\n<meta name=\"robots\" content=\"index, follow, max-snippet:-1, max-image-preview:large, max-video-preview:-1\" \/>\n<link rel=\"canonical\" href=\"http:\/\/lastminute971.com\/en\/excursions-air\/\" \/>\n<meta property=\"og:locale\" content=\"en_US\" \/>\n<meta property=\"og:type\" content=\"article\" \/>\n<meta property=\"og:title\" content=\"Excursions air \u00e0 Guadeloupe \u00e0 partir de 60\u20ac | Lastminute\" \/>\n<meta property=\"og:description\" content=\"Offrez-vous une exp\u00e9rience inoubliable en survolant la Guadeloupe avec nos excursions air \u00e0 Guadeloupe seulement \u00e0 partir de 60\u20ac !\" \/>\n<meta property=\"og:url\" content=\"http:\/\/lastminute971.com\/en\/excursions-air\/\" \/>\n<meta property=\"og:site_name\" content=\"Lastminute Excursion en Guadeloupe\" \/>\n<meta property=\"article:publisher\" content=\"https:\/\/www.facebook.com\/Lastminutexcursion\/\" \/>\n<meta property=\"article:modified_time\" content=\"2023-05-29T08:13:03+00:00\" \/>\n<meta property=\"og:image\" content=\"https:\/\/lastminute971.com\/wp-content\/uploads\/2019\/12\/vignette-394x394.jpg\" \/>\n<meta name=\"twitter:card\" content=\"summary_large_image\" \/>\n<meta name=\"twitter:label1\" content=\"Est. reading time\" \/>\n\t<meta name=\"twitter:data1\" content=\"3 minutes\" \/>\n<!-- \/ Yoast SEO plugin. -->","yoast_head_json":{"title":"Excursions air \u00e0 Guadeloupe \u00e0 partir de 60\u20ac | Lastminute","description":"Offrez-vous une exp\u00e9rience inoubliable en survolant la Guadeloupe avec nos excursions air \u00e0 Guadeloupe seulement \u00e0 partir de 60\u20ac !","robots":{"index":"index","follow":"follow","max-snippet":"max-snippet:-1","max-image-preview":"max-image-preview:large","max-video-preview":"max-video-preview:-1"},"canonical":"http:\/\/lastminute971.com\/en\/excursions-air\/","og_locale":"en_US","og_type":"article","og_title":"Excursions air \u00e0 Guadeloupe \u00e0 partir de 60\u20ac | Lastminute","og_description":"Offrez-vous une exp\u00e9rience inoubliable en survolant la Guadeloupe avec nos excursions air \u00e0 Guadeloupe seulement \u00e0 partir de 60\u20ac !","og_url":"http:\/\/lastminute971.com\/en\/excursions-air\/","og_site_name":"Lastminute Excursion en Guadeloupe","article_publisher":"https:\/\/www.facebook.com\/Lastminutexcursion\/","article_modified_time":"2023-05-29T08:13:03+00:00","og_image":[{"url":"https:\/\/lastminute971.com\/wp-content\/uploads\/2019\/12\/vignette-394x394.jpg","type":"","width":"","height":""}],"twitter_card":"summary_large_image","twitter_misc":{"Est. reading time":"3 minutes"},"schema":{"@context":"https:\/\/schema.org","@graph":[{"@type":"WebPage","@id":"https:\/\/lastminute971.com\/excursions-air\/","url":"https:\/\/lastminute971.com\/excursions-air\/","name":"Excursions air \u00e0 Guadeloupe \u00e0 partir de 60\u20ac | Lastminute","isPartOf":{"@id":"https:\/\/lastminute971.com\/#website"},"primaryImageOfPage":{"@id":"https:\/\/lastminute971.com\/excursions-air\/#primaryimage"},"image":{"@id":"https:\/\/lastminute971.com\/excursions-air\/#primaryimage"},"thumbnailUrl":"https:\/\/lastminute971.com\/wp-content\/uploads\/2019\/12\/vignette-394x394.jpg","datePublished":"2019-12-22T13:45:02+00:00","dateModified":"2023-05-29T08:13:03+00:00","description":"Offrez-vous une exp\u00e9rience inoubliable en survolant la Guadeloupe avec nos excursions air \u00e0 Guadeloupe seulement \u00e0 partir de 60\u20ac !","breadcrumb":{"@id":"https:\/\/lastminute971.com\/excursions-air\/#breadcrumb"},"inLanguage":"en-US","potentialAction":[{"@type":"ReadAction","target":["https:\/\/lastminute971.com\/excursions-air\/"]}]},{"@type":"ImageObject","inLanguage":"en-US","@id":"https:\/\/lastminute971.com\/excursions-air\/#primaryimage","url":"https:\/\/lastminute971.com\/wp-content\/uploads\/2019\/12\/vignette-394x394.jpg","contentUrl":"https:\/\/lastminute971.com\/wp-content\/uploads\/2019\/12\/vignette-394x394.jpg"},{"@type":"BreadcrumbList","@id":"https:\/\/lastminute971.com\/excursions-air\/#breadcrumb","itemListElement":[{"@type":"ListItem","position":1,"name":"Accueil","item":"https:\/\/lastminute971.com\/"},{"@type":"ListItem","position":2,"name":"Excursions air"}]},{"@type":"WebSite","@id":"https:\/\/lastminute971.com\/#website","url":"https:\/\/lastminute971.com\/","name":"Lastminute Excursion en Guadeloupe","description":"Toutes vos excursions et activit\u00e9s en Guadeloupe aux prix prestataires!","publisher":{"@id":"https:\/\/lastminute971.com\/#organization"},"potentialAction":[{"@type":"SearchAction","target":{"@type":"EntryPoint","urlTemplate":"https:\/\/lastminute971.com\/?s={search_term_string}"},"query-input":{"@type":"PropertyValueSpecification","valueRequired":true,"valueName":"search_term_string"}}],"inLanguage":"en-US"},{"@type":"Organization","@id":"https:\/\/lastminute971.com\/#organization","name":"Lastminute Excursion Guadeloupe","url":"https:\/\/lastminute971.com\/","logo":{"@type":"ImageObject","inLanguage":"en-US","@id":"https:\/\/lastminute971.com\/#\/schema\/logo\/image\/","url":"https:\/\/lastminute971.com\/wp-content\/uploads\/2023\/02\/cropped-favicon-nico-excursions.png","contentUrl":"https:\/\/lastminute971.com\/wp-content\/uploads\/2023\/02\/cropped-favicon-nico-excursions.png","width":512,"height":512,"caption":"Lastminute Excursion Guadeloupe"},"image":{"@id":"https:\/\/lastminute971.com\/#\/schema\/logo\/image\/"},"sameAs":["https:\/\/www.facebook.com\/Lastminutexcursion\/","https:\/\/www.instagram.com\/lastminute971\/","https:\/\/goo.gl\/maps\/9CCffBK5FveRfmJb9"]}]}},"_links":{"self":[{"href":"http:\/\/lastminute971.com\/en\/wp-json\/wp\/v2\/pages\/525","targetHints":{"allow":["GET"]}}],"collection":[{"href":"http:\/\/lastminute971.com\/en\/wp-json\/wp\/v2\/pages"}],"about":[{"href":"http:\/\/lastminute971.com\/en\/wp-json\/wp\/v2\/types\/page"}],"author":[{"embeddable":true,"href":"http:\/\/lastminute971.com\/en\/wp-json\/wp\/v2\/users\/1"}],"replies":[{"embeddable":true,"href":"http:\/\/lastminute971.com\/en\/wp-json\/wp\/v2\/comments?post=525"}],"version-history":[{"count":26,"href":"http:\/\/lastminute971.com\/en\/wp-json\/wp\/v2\/pages\/525\/revisions"}],"predecessor-version":[{"id":3343,"href":"http:\/\/lastminute971.com\/en\/wp-json\/wp\/v2\/pages\/525\/revisions\/3343"}],"wp:attachment":[{"href":"http:\/\/lastminute971.com\/en\/wp-json\/wp\/v2\/media?parent=525"}],"curies":[{"name":"wp","href":"https:\/\/api.w.org\/{rel}","templated":true}]}}